{"id":121,"date":"2023-09-21T14:28:42","date_gmt":"2023-09-21T12:28:42","guid":{"rendered":"http:\/\/lamp-art.co\/?page_id=121"},"modified":"2023-09-21T14:28:42","modified_gmt":"2023-09-21T12:28:42","slug":"kontakt-2","status":"publish","type":"page","link":"https:\/\/lamp-art.co\/?page_id=121","title":{"rendered":"Kontakt"},"content":{"rendered":"\n<p>Zapraszamy do kontaktu:<\/p>\n\n\n\n<p>Toru\u0144: ul. Szosa Lubicka 166 k,<\/p>\n\n\n\n<p>Katowice &#8211; Biuro Projektowe &#8211; prosimy o wcze\u015bniejszy kontakt telefoniczny w celu um\u00f3wienia spotkania &#8211; ul. Ko\u015bciuszki 182, tel. 500 227 464<\/p>\n","protected":false},"excerpt":{"rendered":"<p>Zapraszamy do kontaktu: Toru\u0144: ul. Szosa Lubicka 166 k, Katowice &#8211; Biuro Projektowe &#8211; prosimy o wcze\u015bniejszy kontakt telefoniczny w celu um\u00f3wienia spotkania &#8211; ul. Ko\u015bciuszki 182, tel. 500 227 464<\/p>\n","protected":false},"author":1,"featured_media":0,"parent":0,"menu_order":0,"comment_status":"closed","ping_status":"closed","template":"","meta":{"footnotes":""},"class_list":["post-121","page","type-page","status-publish","hentry"],"_links":{"self":[{"href":"https:\/\/lamp-art.co\/index.php?rest_route=\/wp\/v2\/pages\/121","targetHints":{"allow":["GET"]}}],"collection":[{"href":"https:\/\/lamp-art.co\/index.php?rest_route=\/wp\/v2\/pages"}],"about":[{"href":"https:\/\/lamp-art.co\/index.php?rest_route=\/wp\/v2\/types\/page"}],"author":[{"embeddable":true,"href":"https:\/\/lamp-art.co\/index.php?rest_route=\/wp\/v2\/users\/1"}],"replies":[{"embeddable":true,"href":"https:\/\/lamp-art.co\/index.php?rest_route=%2Fwp%2Fv2%2Fcomments&post=121"}],"version-history":[{"count":1,"href":"https:\/\/lamp-art.co\/index.php?rest_route=\/wp\/v2\/pages\/121\/revisions"}],"predecessor-version":[{"id":122,"href":"https:\/\/lamp-art.co\/index.php?rest_route=\/wp\/v2\/pages\/121\/revisions\/122"}],"wp:attachment":[{"href":"https:\/\/lamp-art.co\/index.php?rest_route=%2Fwp%2Fv2%2Fmedia&parent=121"}],"curies":[{"name":"wp","href":"https:\/\/api.w.org\/{rel}","templated":true}]}}